{"id":454,"date":"2020-11-27T10:18:44","date_gmt":"2020-11-27T09:18:44","guid":{"rendered":"https:\/\/www.babybonding.ch\/?page_id=454"},"modified":"2023-01-04T19:20:28","modified_gmt":"2023-01-04T18:20:28","slug":"bonding-in-der-kleinkindzeit","status":"publish","type":"page","link":"https:\/\/www.babybonding.ch\/en\/bonding-in-der-kleinkindzeit\/","title":{"rendered":"Bonding in Early Childhood"},"content":{"rendered":"<p>[et_pb_section fb_built=&#8221;1&#8243; admin_label=&#8221;Sektion head&#8221; module_class=&#8221;head&#8221; _builder_version=&#8221;4.16&#8243; custom_margin_tablet=&#8221;&#8221; custom_margin_phone=&#8221;&#8221; custom_margin_last_edited=&#8221;on|phone&#8221; custom_padding=&#8221;0px||20px||false|false&#8221; saved_tabs=&#8221;all&#8221; global_colors_info=&#8221;{}&#8221;][et_pb_row _builder_version=&#8221;4.16&#8243; background_size=&#8221;initial&#8221; background_position=&#8221;top_left&#8221; background_repeat=&#8221;repeat&#8221; custom_padding=&#8221;0px||0px||false|false&#8221; global_colors_info=&#8221;{}&#8221;][et_pb_column type=&#8221;4_4&#8243; _builder_version=&#8221;4.16&#8243; custom_padding=&#8221;|||&#8221; global_colors_info=&#8221;{}&#8221; custom_padding__hover=&#8221;|||&#8221;][et_pb_image title_text=&#8221;Eltern-Kind-Coaching&#8221; admin_label=&#8221;header-img&#8221; module_class=&#8221;header-img&#8221; _builder_version=&#8221;4.16&#8243; _module_preset=&#8221;default&#8221; background_image=&#8221;https:\/\/www.babybonding.ch\/wp-content\/uploads\/2020\/11\/eltern-kind-coaching.jpg&#8221; global_colors_info=&#8221;{}&#8221;][\/et_pb_image][\/et_pb_column][\/et_pb_row][\/et_pb_section][et_pb_section fb_built=&#8221;1&#8243; _builder_version=&#8221;4.16&#8243; _module_preset=&#8221;default&#8221; global_colors_info=&#8221;{}&#8221;][et_pb_row _builder_version=&#8221;4.16&#8243; _module_preset=&#8221;default&#8221; global_colors_info=&#8221;{}&#8221;][et_pb_column type=&#8221;4_4&#8243; _builder_version=&#8221;4.16&#8243; _module_preset=&#8221;default&#8221; global_colors_info=&#8221;{}&#8221;][et_pb_text _builder_version=&#8221;4.16&#8243; _module_preset=&#8221;default&#8221; global_colors_info=&#8221;{}&#8221;]<\/p>\n<h1>Bonding in Early Childhood<\/h1>\n<p>[\/et_pb_text][et_pb_text module_class=&#8221;lead&#8221; _builder_version=&#8221;4.16&#8243; _module_preset=&#8221;default&#8221; global_colors_info=&#8221;{}&#8221;]<\/p>\n<p>Individual parent\u2013child coaching to strengthen the bond between you and your child.<\/p>\n<p>[\/et_pb_text][\/et_pb_column][\/et_pb_row][et_pb_row column_structure=&#8221;1_2,1_2&#8243; _builder_version=&#8221;4.16&#8243; _module_preset=&#8221;default&#8221; global_colors_info=&#8221;{}&#8221;][et_pb_column type=&#8221;1_2&#8243; _builder_version=&#8221;4.16&#8243; _module_preset=&#8221;default&#8221; global_colors_info=&#8221;{}&#8221;][et_pb_text _builder_version=&#8221;4.16&#8243; _module_preset=&#8221;default&#8221; global_colors_info=&#8221;{}&#8221;]<\/p>\n<p>After the intense baby months with your little one, many parents face new challenges or find themselves asking further questions. A toddler still needs a great deal of closeness and security, while at the same time wanting to explore the world and discover their own autonomy. These sometimes conflicting needs can create a strong inner tension in the child\u2019s experience, which may be expressed through intense emotions.<\/p>\n<p>Does your little one react with heartbreaking crying or screaming in separation situations? Does your child want to play in the middle of the night and can\u2019t be put back to sleep, or no longer stops throwing tantrums? Is a sibling on the way and you have no idea how you will manage everything \u201cin double\u201d in the future?<\/p>\n<p>Despite countless information sources and well-meant advice, parents often feel alone and insecure when supporting their child. Finding your own path in the jungle of theories and information can become a major challenge.<\/p>\n<p>The latest findings in infant and brain research, as well as the foundations for building a secure parent\u2013child bond, form the basis of my coaching, counselling, and crisis intervention. Tailored individually to you and your child, your parental competence is supported and strengthened \u2013 leading to more inner confidence and more joy with your child.<\/p>\n<p>[\/et_pb_text][et_pb_text _builder_version=&#8221;4.16&#8243; _module_preset=&#8221;default&#8221; global_colors_info=&#8221;{}&#8221;]<\/p>\n<p><strong>Do something good for yourself and your child, and strengthen the foundation for a happy relationship with your little one. I am happy to support you with:<\/strong><\/p>\n<ul>\n<li>Uncertainty and stress in everyday life<\/li>\n<li>Sleep problems<\/li>\n<li>Separation anxiety<\/li>\n<li>Excessive tantrums<\/li>\n<li>The arrival of a new sibling<\/li>\n<li>Nursery\/daycare acclimatization \/ external childcare<\/li>\n<\/ul>\n<p>[\/et_pb_text][et_pb_text module_class=&#8221;zitat&#8221; _builder_version=&#8221;4.16&#8243; _module_preset=&#8221;default&#8221; custom_margin=&#8221;||65px|||&#8221; global_colors_info=&#8221;{}&#8221;]<\/p>\n<p>\u201cThe development of a secure attachment between parents and child is a wonderful foundation for a child\u2019s healthy personality.\u201d<\/p>\n<p>Karl Heinz Brisch<\/p>\n<p>[\/et_pb_text][\/et_pb_column][et_pb_column type=&#8221;1_2&#8243; _builder_version=&#8221;4.16&#8243; _module_preset=&#8221;default&#8221; global_colors_info=&#8221;{}&#8221;][et_pb_text admin_label=&#8221;Titel \u00abAngebote\u00bb&#8221; _builder_version=&#8221;4.16&#8243; _module_preset=&#8221;default&#8221; global_colors_info=&#8221;{}&#8221;]<\/p>\n<h3>BABY BONDING Offers<\/h3>\n<p>[\/et_pb_text][et_pb_text admin_label=&#8221;Schritt 1 (Angebot)&#8221; module_class=&#8221;angebot&#8221; _builder_version=&#8221;4.16&#8243; _module_preset=&#8221;default&#8221; global_colors_info=&#8221;{}&#8221;]<\/p>\n<h4>\u2665 First Step<\/h4>\n<p>Initial contact or crisis counseling,<br \/>coaching session of approx. 90 minutes<\/p>\n<p>1st coaching session:<\/p>\n<ul>\n<li>Assessment of the current situation and immediate support as needed<\/li>\n<li>Evaluation of needs and goal setting<\/li>\n<li>Clarification of further procedure \u2013 what steps are desired?<\/li>\n<\/ul>\n<p><a href=\"https:\/\/www.babybonding.ch\/en\/kontakt-beratung-zuerich\/\"><strong>Jetzt Buchen<\/strong><\/a><\/p>\n<p>[\/et_pb_text][et_pb_text admin_label=&#8221;Schritt 2 (Angebot)&#8221; module_class=&#8221;angebot&#8221; _builder_version=&#8221;4.16&#8243; _module_preset=&#8221;default&#8221; global_colors_info=&#8221;{}&#8221;]<\/p>\n<h4>\u2665 \u2665 Second Step<\/h4>\n<p>Support in the current situation, background knowledge &amp; action strategies,<br \/>2 more coaching sessions of 90 minutes each<\/p>\n<p>2nd coaching session:<\/p>\n<ul>\n<li>Goal-oriented, further counseling<\/li>\n<li>Strengthening resources and developing perspectives<\/li>\n<\/ul>\n<p>3rd coaching session:<\/p>\n<ul>\n<li>Reflection on changes and progress<\/li>\n<li>Further approaches and deepening of topics<\/li>\n<li>Clarification of further needs<\/li>\n<\/ul>\n<p>[\/et_pb_text][et_pb_text admin_label=&#8221;Schritt 3 (Angebot)&#8221; module_class=&#8221;angebot&#8221; _builder_version=&#8221;4.16&#8243; _module_preset=&#8221;default&#8221; global_colors_info=&#8221;{}&#8221;]<\/p>\n<h4>\u2665 \u2665 \u2665\u00a0 Third Step<\/h4>\n<p>Building, individual setting,<br \/>further coaching sessions as needed<\/p>\n<ul>\n<li>Consolidation and sustainable integration of new possibilities and tools<\/li>\n<li>Clarification and processing of further topics<\/li>\n<\/ul>\n<p>[\/et_pb_text][et_pb_button button_url=&#8221;@ET-DC@eyJkeW5hbWljIjp0cnVlLCJjb250ZW50IjoicG9zdF9saW5rX3VybF9wYWdlIiwic2V0dGluZ3MiOnsicG9zdF9pZCI6IjQ5MyJ9fQ==@&#8221; button_text=&#8221;Kontakt \/ Buchung&#8221; admin_label=&#8221;Button: Kontakt&#8221; _builder_version=&#8221;4.16&#8243; _dynamic_attributes=&#8221;button_url&#8221; _module_preset=&#8221;default&#8221; custom_margin=&#8221;22px||40px|||&#8221; global_colors_info=&#8221;{}&#8221;][\/et_pb_button][et_pb_text admin_label=&#8221;Kosten \/ Hinweise&#8221; _builder_version=&#8221;4.11.1&#8243; _module_preset=&#8221;default&#8221; global_module=&#8221;508&#8243; saved_tabs=&#8221;all&#8221; global_colors_info=&#8221;{}&#8221;]<\/p>\n<p>Beratungen und Coachings sind bei mir im Studio (in Z\u00fcrich oder Uster), online oder bei Dir zuhause m\u00f6glich. Auf Wunsch ist Dein Partner\/deine Partnerin auch herzlich willkommen dabei zu sein.<\/p>\n<p>S\u00e4mtliche Beratungen finden unter Anwendung der Covid-19-Schutzmassnahmen gem\u00e4ss BAG statt.<\/p>\n<p><strong>Cost<\/strong><\/p>\n<p>CHF 240.\u2013 pro Coaching (1,5 h)<br \/>CHF 160.\u2013 pro Stunde<\/p>\n<p>Travel costs for home visits are calculated individually depending on the distance.<\/p>\n<p>[\/et_pb_text][\/et_pb_column][\/et_pb_row][\/et_pb_section]<\/p>\n<span class=\"et_bloom_bottom_trigger\"><\/span>","protected":false},"excerpt":{"rendered":"<p>Bonding in der KleinkindzeitIndividuelles Eltern-Kind-Coaching zur St\u00e4rkung der Bindung zwischen Dir und Deinem Kind.Nach der intensiven Babyzeit mit Deinem kleinen Liebling sehen sich viele Eltern vor neuen Herausforderungen oder stellen sich weiterf\u00fchrende Fragen. Das Kleinkind braucht noch viel N\u00e4he und Sicherheit und m\u00f6chte gleichzeitig die Welt entdecken und seine Autonomie erforschen. Diese teils gegenseitigen Bed\u00fcrfnisse [&hellip;]<\/p>","protected":false},"author":1,"featured_media":0,"parent":0,"menu_order":0,"comment_status":"closed","ping_status":"closed","template":"","meta":{"_et_pb_use_builder":"on","_et_pb_old_content":"","_et_gb_content_width":"","footnotes":""},"class_list":["post-454","page","type-page","status-publish","hentry"],"_links":{"self":[{"href":"https:\/\/www.babybonding.ch\/en\/wp-json\/wp\/v2\/pages\/454","targetHints":{"allow":["GET"]}}],"collection":[{"href":"https:\/\/www.babybonding.ch\/en\/wp-json\/wp\/v2\/pages"}],"about":[{"href":"https:\/\/www.babybonding.ch\/en\/wp-json\/wp\/v2\/types\/page"}],"author":[{"embeddable":true,"href":"https:\/\/www.babybonding.ch\/en\/wp-json\/wp\/v2\/users\/1"}],"replies":[{"embeddable":true,"href":"https:\/\/www.babybonding.ch\/en\/wp-json\/wp\/v2\/comments?post=454"}],"version-history":[{"count":0,"href":"https:\/\/www.babybonding.ch\/en\/wp-json\/wp\/v2\/pages\/454\/revisions"}],"wp:attachment":[{"href":"https:\/\/www.babybonding.ch\/en\/wp-json\/wp\/v2\/media?parent=454"}],"curies":[{"name":"wp","href":"https:\/\/api.w.org\/{rel}","templated":true}]}}