{"id":449,"date":"2020-11-27T10:03:23","date_gmt":"2020-11-27T09:03:23","guid":{"rendered":"https:\/\/www.babybonding.ch\/?page_id=449"},"modified":"2021-02-10T16:54:36","modified_gmt":"2021-02-10T15:54:36","slug":"bonding-nach-der-geburt-dem-kaiserschnitt-und-in-der-babyzeit","status":"publish","type":"page","link":"https:\/\/www.babybonding.ch\/en\/bonding-nach-der-geburt-dem-kaiserschnitt-und-in-der-babyzeit\/","title":{"rendered":"Bonding after birth, cesarean section, and during infancy"},"content":{"rendered":"<p>[et_pb_section fb_built=&#8221;1&#8243; admin_label=&#8221;Sektion head&#8221; module_class=&#8221;head&#8221; _builder_version=&#8221;4.7.5&#8243; custom_margin_tablet=&#8221;&#8221; custom_margin_phone=&#8221;&#8221; custom_margin_last_edited=&#8221;on|phone&#8221; custom_padding=&#8221;0px||20px||false|false&#8221; saved_tabs=&#8221;all&#8221;][et_pb_row _builder_version=&#8221;4.7.5&#8243; background_size=&#8221;initial&#8221; background_position=&#8221;top_left&#8221; background_repeat=&#8221;repeat&#8221; custom_padding=&#8221;0px||0px||false|false&#8221;][et_pb_column type=&#8221;4_4&#8243; _builder_version=&#8221;3.0.47&#8243; custom_padding=&#8221;|||&#8221; custom_padding__hover=&#8221;|||&#8221;][et_pb_image title_text=&#8221;Baby Bonding 08&#8243; admin_label=&#8221;header-img&#8221; module_class=&#8221;header-img&#8221; _builder_version=&#8221;4.7.5&#8243; _module_preset=&#8221;default&#8221; background_image=&#8221;https:\/\/www.babybonding.ch\/wp-content\/uploads\/2020\/11\/Baby_Bonding_08.jpg&#8221;][\/et_pb_image][\/et_pb_column][\/et_pb_row][\/et_pb_section][et_pb_section fb_built=&#8221;1&#8243; _builder_version=&#8221;4.7.3&#8243; _module_preset=&#8221;default&#8221;][et_pb_row _builder_version=&#8221;4.7.3&#8243; _module_preset=&#8221;default&#8221;][et_pb_column type=&#8221;4_4&#8243; _builder_version=&#8221;4.7.3&#8243; _module_preset=&#8221;default&#8221;][et_pb_text _builder_version=&#8221;4.7.5&#8243; _module_preset=&#8221;default&#8221;]<\/p>\n<h1>Bonding after birth, cesarean section, and during infancy<\/h1>\n<p>[\/et_pb_text][et_pb_text module_class=&#8221;lead&#8221; _builder_version=&#8221;4.7.5&#8243; _module_preset=&#8221;default&#8221;]Individuelles Eltern-Kind-Coaching zur St\u00e4rkung der Bindung zwischen Dir und Deinem Kind.[\/et_pb_text][\/et_pb_column][\/et_pb_row][et_pb_row _builder_version=&#8221;4.7.3&#8243; _module_preset=&#8221;default&#8221;][et_pb_column type=&#8221;4_4&#8243; _builder_version=&#8221;4.7.3&#8243; _module_preset=&#8221;default&#8221;][et_pb_text _builder_version=&#8221;4.7.3&#8243; _module_preset=&#8221;default&#8221;]<\/p>\n<h3>Joy and Stress of Parenthood<\/h3>\n<p>[\/et_pb_text][\/et_pb_column][\/et_pb_row][et_pb_row column_structure=&#8221;1_2,1_2&#8243; _builder_version=&#8221;4.7.3&#8243; _module_preset=&#8221;default&#8221;][et_pb_column type=&#8221;1_2&#8243; _builder_version=&#8221;4.7.3&#8243; _module_preset=&#8221;default&#8221;][et_pb_text _builder_version=&#8221;4.7.5&#8243; _module_preset=&#8221;default&#8221;]<\/p>\n<p>The first months after birth are a very intense time for parents and their baby. Overwhelming feelings of greatest joy and happiness, but also stress \u2014 including sleepless nights and inconsolable crying of the little one \u2014 can lead to parenthood presenting itself differently than expected.<\/p>\n<p>[\/et_pb_text][et_pb_text disabled_on=&#8221;off|off|on&#8221; _builder_version=&#8221;4.7.5&#8243; _module_preset=&#8221;default&#8221; custom_margin=&#8221;26px||33px|||&#8221;]<\/p>\n<p><a href=\"#babyschlaf-beratung\"><strong>Consulting services<\/strong><\/a><\/p>\n<p>[\/et_pb_text][et_pb_text _builder_version=&#8221;4.7.5&#8243; _module_preset=&#8221;default&#8221;]<\/p>\n<p>The new role as mother and father, as well as the many needs of an infant, can trigger stress and overwhelm. Perhaps what concerns you most is how you can understand your baby better and what they need right now. Or maybe unprocessed birth experiences, restlessness, tummy pains, or increased crying of the baby have a taxing effect.<\/p>\n<p>Even in situations that seem hopeless, experience shows that often not much is needed to overcome the difficulties. I would be happy to support you and your child with your individual questions and challenges. Together we set the focus according to your situation. You receive from me valuable guidance on how to lovingly support your crying child. The regulation of your own stress system and your self-competence will be strengthened, so that you can accompany your little treasure more confidently. With breathing regulation and visualisations your ability to bond is deepened. Your resources are strengthened. You will be supported according to your needs.<\/p>\n<p>[\/et_pb_text][et_pb_text _builder_version=&#8221;4.7.5&#8243; _module_preset=&#8221;default&#8221;]<\/p>\n<p><strong>Do something good for yourself and your baby and strengthen the basis for a loving relationship with your baby. I am happy to support you with:<\/strong><\/p>\n<ul>\n<li>Insecurity or excessive fears<\/li>\n<li>Difficulties settling in with the baby, no feeling of closeness or exhaustion<\/li>\n<li>Baby blues and postnatal depression<\/li>\n<li>Stressful birth memories<\/li>\n<li>Desire for birth processing<\/li>\n<li>In case of strong overstretching and high tension of the baby<\/li>\n<li>In case of high-need babies<\/li>\n<li>If you want to understand your baby better<\/li>\n<li>If you want to support and pamper your baby with gentle baby massage<\/li>\n<\/ul>\n<p>[\/et_pb_text][et_pb_text module_class=&#8221;zitat&#8221; _builder_version=&#8221;4.7.3&#8243; _module_preset=&#8221;default&#8221; custom_margin=&#8221;0px||65px|||&#8221;]<\/p>\n<p>\u201cTwo things parents should give their children: roots and wings.\u201d<\/p>\n<p>Johann Wolfgang von Goethe<\/p>\n<p>[\/et_pb_text][\/et_pb_column][et_pb_column type=&#8221;1_2&#8243; _builder_version=&#8221;4.7.3&#8243; _module_preset=&#8221;default&#8221;][et_pb_text admin_label=&#8221;Titel \u00abAngebote\u00bb&#8221; module_id=&#8221;babyschlaf-beratung&#8221; _builder_version=&#8221;4.7.5&#8243; _module_preset=&#8221;default&#8221;]<\/p>\n<h3>BABY BONDING Offers<\/h3>\n<p>[\/et_pb_text][et_pb_text admin_label=&#8221;Schritt 1 (Angebot)&#8221; module_class=&#8221;angebot&#8221; _builder_version=&#8221;4.7.5&#8243; _module_preset=&#8221;default&#8221;]<\/p>\n<h4>\u2665 First Step<\/h4>\n<p>Initial contact or crisis counseling,<br \/>coaching session of approx. 90 minutes<\/p>\n<p>1st coaching session:<\/p>\n<ul>\n<li>Assessment of the current situation and immediate support as needed<\/li>\n<li>Evaluation of needs and goal setting<\/li>\n<li>Clarification of further procedure \u2013 what steps are desired?<\/li>\n<\/ul>\n<p><a href=\"https:\/\/www.babybonding.ch\/en\/kontakt-beratung-zuerich\/\"><strong>Book now<\/strong><\/a><\/p>\n<p>[\/et_pb_text][et_pb_text admin_label=&#8221;Schritt 2 (Angebot)&#8221; module_class=&#8221;angebot&#8221; _builder_version=&#8221;4.7.5&#8243; _module_preset=&#8221;default&#8221;]<\/p>\n<h4>\u2665 \u2665 Second Step<\/h4>\n<p>Support in the current situation, background knowledge &amp; action strategies,<br \/>2 more coaching sessions of 90 minutes each<\/p>\n<p>2nd coaching session:<\/p>\n<ul>\n<li>Goal-oriented, further counseling<\/li>\n<li>Strengthening resources and developing perspectives<\/li>\n<\/ul>\n<p>3rd coaching session:<\/p>\n<ul>\n<li>Reflection on changes and progress<\/li>\n<li>Further approaches and deepening of topics<\/li>\n<li>Clarification of further needs<\/li>\n<\/ul>\n<p>[\/et_pb_text][et_pb_text admin_label=&#8221;Schritt 3 (Angebot)&#8221; module_class=&#8221;angebot&#8221; _builder_version=&#8221;4.7.5&#8243; _module_preset=&#8221;default&#8221;]<\/p>\n<h4>\u2665 \u2665 \u2665\u00a0 Third Step<\/h4>\n<p>Building, individual setting,<br \/>further coaching sessions as needed<\/p>\n<ul>\n<li>Consolidation and sustainable integration of new possibilities and tools<\/li>\n<li>Clarification and processing of further topics<\/li>\n<\/ul>\n<p>[\/et_pb_text][et_pb_button button_url=&#8221;@ET-DC@eyJkeW5hbWljIjp0cnVlLCJjb250ZW50IjoicG9zdF9saW5rX3VybF9wYWdlIiwic2V0dGluZ3MiOnsicG9zdF9pZCI6IjQ5MyJ9fQ==@&#8221; button_text=&#8221;Kontakt \/ Buchung&#8221; admin_label=&#8221;Button: Kontakt&#8221; _builder_version=&#8221;4.7.3&#8243; _dynamic_attributes=&#8221;button_url&#8221; _module_preset=&#8221;default&#8221; custom_margin=&#8221;22px||40px|||&#8221;][\/et_pb_button][et_pb_text admin_label=&#8221;Kosten \/ Hinweise&#8221; _builder_version=&#8221;4.7.5&#8243; _module_preset=&#8221;default&#8221; global_module=&#8221;508&#8243; saved_tabs=&#8221;all&#8221;]<\/p>\n<p>Beratungen und Coachings sind bei mir im Studio (in Z\u00fcrich, Kreis 3), online oder bei Dir zuhause m\u00f6glich. Auf Wunsch ist Dein Partner\/deine Partnerin auch herzlich willkommen dabei zu sein.<\/p>\n<p>S\u00e4mtliche Beratungen finden unter Anwendung der Covid-19-Schutzmassnahmen gem\u00e4ss BAG statt.<\/p>\n<p><strong>Cost<\/strong><\/p>\n<p>CHF 225.\u2013 pro Coaching (1,5 h)<br \/>CHF 150.\u2013 pro Stunde<br \/><strong><\/strong><\/p>\n<p>Travel costs for home visits are calculated individually depending on the distance.<\/p>\n<p>[\/et_pb_text][\/et_pb_column][\/et_pb_row][et_pb_row admin_label=&#8221;Beliebte Themen&#8221; _builder_version=&#8221;4.7.5&#8243; _module_preset=&#8221;default&#8221; global_module=&#8221;909&#8243;][et_pb_column type=&#8221;4_4&#8243; _builder_version=&#8221;4.7.5&#8243; _module_preset=&#8221;default&#8221;][et_pb_blog fullwidth=&#8221;off&#8221; posts_number=&#8221;3&#8243; show_author=&#8221;off&#8221; show_date=&#8221;off&#8221; show_categories=&#8221;off&#8221; show_pagination=&#8221;off&#8221; admin_label=&#8221;Artikel: %22Beliebte Themen%22&#8243; _builder_version=&#8221;4.7.5&#8243; _module_preset=&#8221;default&#8221;][\/et_pb_blog][\/et_pb_column][\/et_pb_row][et_pb_row column_structure=&#8221;1_2,1_2&#8243; _builder_version=&#8221;4.7.3&#8243; _module_preset=&#8221;default&#8221;][et_pb_column type=&#8221;1_2&#8243; _builder_version=&#8221;4.7.3&#8243; _module_preset=&#8221;default&#8221;][et_pb_text _builder_version=&#8221;4.7.3&#8243; _module_preset=&#8221;default&#8221;]<\/p>\n<h3>Baby Massage Courses \u2013 Bonding Through Touch<\/h3>\n<p>[\/et_pb_text][et_pb_text _builder_version=&#8221;4.8.2&#8243; _module_preset=&#8221;default&#8221; hover_enabled=&#8221;0&#8243; sticky_enabled=&#8221;0&#8243;]<\/p>\n<p>When a baby cries more frequently, is tense, restless, or suffers from abdominal colic, Butterfly Baby Massage can be very helpful. It is performed with great mindfulness and is tailored to the baby\u2019s needs. Through gentle, mindful touch, the bond is deepened and mutual trust is strengthened. The baby\u2019s well-being and relaxation are supported. Pleasure, comfort, as well as the mutual getting-to-know-each-other and attunement between parents and baby are enhanced.<\/p>\n<p>[\/et_pb_text][\/et_pb_column][et_pb_column type=&#8221;1_2&#8243; _builder_version=&#8221;4.7.3&#8243; _module_preset=&#8221;default&#8221;][et_pb_text _builder_version=&#8221;4.8.2&#8243; _module_preset=&#8221;default&#8221; custom_margin=&#8221;||35px|||&#8221; hover_enabled=&#8221;0&#8243; sticky_enabled=&#8221;0&#8243;]<\/p>\n<p>In the baby massage courses, you and your baby are individually introduced and guided through this form of massage. Its effect is gentle and calming. Baby massage can be done directly on the skin or with the baby clothed. Everyday moments such as changing diapers, chatting, or cuddling can be further enriched and intensified with the knowledge of baby massage.<\/p>\n<p>The first four months of life are particularly suitable for learning baby massage together with your child. Of course, older children can also be massaged at any time according to their needs.<\/p>\n<p>[\/et_pb_text][et_pb_button button_url=&#8221;https:\/\/www.baby-massage-zuerich.ch&#8221; url_new_window=&#8221;on&#8221; button_text=&#8221;zum Angebot&#8221; _builder_version=&#8221;4.7.3&#8243; _module_preset=&#8221;default&#8221; custom_margin=&#8221;||40px|||&#8221;][\/et_pb_button][\/et_pb_column][\/et_pb_row][et_pb_row disabled_on=&#8221;on|on|on&#8221; _builder_version=&#8221;4.7.5&#8243; _module_preset=&#8221;default&#8221; disabled=&#8221;on&#8221;][et_pb_column type=&#8221;4_4&#8243; _builder_version=&#8221;4.7.5&#8243; _module_preset=&#8221;default&#8221;][et_pb_text _builder_version=&#8221;4.7.3&#8243; _module_preset=&#8221;default&#8221;]<\/p>\n<h3>Babywatching<\/h3>\n<p>[\/et_pb_text][et_pb_text _builder_version=&#8221;4.7.5&#8243; _module_preset=&#8221;default&#8221;]<\/p>\n<p>Das Babywatching unterst\u00fctzt Dich darin, den K\u00f6rperausdruck Deines S\u00e4uglings besser zu verstehen und feinf\u00fchlig beantworten zu k\u00f6nnen: Ist das Baby offen f\u00fcr neue Eindr\u00fccke oder braucht es eine Zeit der Erholung? Durch das Innehalten und das Wahrnehmen Deines Babys entsteht ein vertieftes Verst\u00e4ndnis f\u00fcr den Ausdruck der Bed\u00fcrfnisse Deines Kindes.<\/p>\n<p>Eine m\u00f6gliche \u00dcberlastung oder \u00dcberforderung der Reizverarbeitung des Babys wird fr\u00fchzeitig erkannt. Dadurch pendelt sich die ganze Rhythmusfindung des S\u00e4uglings besser ein. Die feinf\u00fchlige Abstimmung zwischen Dir und Deinem Baby wirkt vereinfachend im Alltag und st\u00e4rkt das Vertrauen.<\/p>\n<p>Im Kurs sowie im privaten Setting ist das Babywatching auch Teil der Babymassage-Anleitung und kann individuell vertieft werden.<\/p>\n<p>[\/et_pb_text][et_pb_button button_url=&#8221;@ET-DC@eyJkeW5hbWljIjp0cnVlLCJjb250ZW50IjoicG9zdF9saW5rX3VybF9wYWdlIiwic2V0dGluZ3MiOnsicG9zdF9pZCI6IjQ5MyJ9fQ==@&#8221; button_text=&#8221;Kontakt \/ Buchung&#8221; _builder_version=&#8221;4.7.3&#8243; _dynamic_attributes=&#8221;button_url&#8221; _module_preset=&#8221;default&#8221; custom_margin=&#8221;1px||40px|||&#8221;][\/et_pb_button][\/et_pb_column][\/et_pb_row][\/et_pb_section]<\/p>\n<span class=\"et_bloom_bottom_trigger\"><\/span>","protected":false},"excerpt":{"rendered":"<p>Bonding nach der Geburt, dem Kaiserschnitt und in der BabyzeitIndividuelles Eltern-Kind-Coaching zur St\u00e4rkung der Bindung zwischen Dir und Deinem Kind.Gl\u00fcck und Stress des Eltern-SeinsDie ersten Monate nach der Geburt sind eine sehr intensive Zeit f\u00fcr Eltern und ihr Baby. \u00dcberw\u00e4ltigende Gef\u00fchle von gr\u00f6sster Freude und Gl\u00fcck, aber auch Stress, bis hin zu schlaflosen N\u00e4chten und [&hellip;]<\/p>","protected":false},"author":1,"featured_media":0,"parent":0,"menu_order":0,"comment_status":"closed","ping_status":"closed","template":"","meta":{"_et_pb_use_builder":"on","_et_pb_old_content":"","_et_gb_content_width":"","footnotes":""},"class_list":["post-449","page","type-page","status-publish","hentry"],"_links":{"self":[{"href":"https:\/\/www.babybonding.ch\/en\/wp-json\/wp\/v2\/pages\/449","targetHints":{"allow":["GET"]}}],"collection":[{"href":"https:\/\/www.babybonding.ch\/en\/wp-json\/wp\/v2\/pages"}],"about":[{"href":"https:\/\/www.babybonding.ch\/en\/wp-json\/wp\/v2\/types\/page"}],"author":[{"embeddable":true,"href":"https:\/\/www.babybonding.ch\/en\/wp-json\/wp\/v2\/users\/1"}],"replies":[{"embeddable":true,"href":"https:\/\/www.babybonding.ch\/en\/wp-json\/wp\/v2\/comments?post=449"}],"version-history":[{"count":0,"href":"https:\/\/www.babybonding.ch\/en\/wp-json\/wp\/v2\/pages\/449\/revisions"}],"wp:attachment":[{"href":"https:\/\/www.babybonding.ch\/en\/wp-json\/wp\/v2\/media?parent=449"}],"curies":[{"name":"wp","href":"https:\/\/api.w.org\/{rel}","templated":true}]}}