{"id":323,"date":"2020-11-20T10:48:47","date_gmt":"2020-11-20T09:48:47","guid":{"rendered":"https:\/\/www.babybonding.ch\/?page_id=323"},"modified":"2022-04-13T21:31:02","modified_gmt":"2022-04-13T19:31:02","slug":"ueber-mich","status":"publish","type":"page","link":"https:\/\/www.babybonding.ch\/en\/ueber-mich\/","title":{"rendered":"About me"},"content":{"rendered":"<p>[et_pb_section fb_built=&#8221;1&#8243; admin_label=&#8221;Sektion head&#8221; module_class=&#8221;head&#8221; _builder_version=&#8221;4.7.5&#8243; custom_margin_tablet=&#8221;&#8221; custom_margin_phone=&#8221;&#8221; custom_margin_last_edited=&#8221;on|phone&#8221; custom_padding=&#8221;0px||20px||false|false&#8221; saved_tabs=&#8221;all&#8221; global_colors_info=&#8221;{}&#8221;][et_pb_row _builder_version=&#8221;4.7.5&#8243; background_size=&#8221;initial&#8221; background_position=&#8221;top_left&#8221; background_repeat=&#8221;repeat&#8221; custom_padding=&#8221;0px||0px||false|false&#8221; global_colors_info=&#8221;{}&#8221;][et_pb_column type=&#8221;4_4&#8243; _builder_version=&#8221;3.0.47&#8243; custom_padding=&#8221;|||&#8221; global_colors_info=&#8221;{}&#8221; custom_padding__hover=&#8221;|||&#8221;][et_pb_image title_text=&#8221;Babymassage Bonding Zuerich&#8221; admin_label=&#8221;header-img&#8221; module_class=&#8221;header-img&#8221; _builder_version=&#8221;4.7.5&#8243; _module_preset=&#8221;default&#8221; background_image=&#8221;https:\/\/www.babybonding.ch\/wp-content\/uploads\/2020\/11\/babymassage_bonding_zuerich.jpg&#8221; global_colors_info=&#8221;{}&#8221;][\/et_pb_image][\/et_pb_column][\/et_pb_row][\/et_pb_section][et_pb_section fb_built=&#8221;1&#8243; _builder_version=&#8221;4.7.3&#8243; _module_preset=&#8221;default&#8221; global_colors_info=&#8221;{}&#8221;][et_pb_row _builder_version=&#8221;4.7.3&#8243; _module_preset=&#8221;default&#8221; global_colors_info=&#8221;{}&#8221;][et_pb_column type=&#8221;4_4&#8243; _builder_version=&#8221;4.7.3&#8243; _module_preset=&#8221;default&#8221; global_colors_info=&#8221;{}&#8221;][et_pb_text _builder_version=&#8221;4.7.3&#8243; _module_preset=&#8221;default&#8221; global_colors_info=&#8221;{}&#8221;]<\/p>\n<h1>With Sensitivity and Expertise, I Am Here for You<\/h1>\n<p>&nbsp;<\/p>\n<p>[\/et_pb_text][\/et_pb_column][\/et_pb_row][et_pb_row column_structure=&#8221;1_2,1_2&#8243; _builder_version=&#8221;4.7.3&#8243; _module_preset=&#8221;default&#8221; global_colors_info=&#8221;{}&#8221;][et_pb_column type=&#8221;1_2&#8243; _builder_version=&#8221;4.7.3&#8243; _module_preset=&#8221;default&#8221; global_colors_info=&#8221;{}&#8221;][et_pb_text _builder_version=&#8221;4.7.5&#8243; _module_preset=&#8221;default&#8221; global_colors_info=&#8221;{}&#8221;]<\/p>\n<p>My professional passion lies in supporting, advising, and accompanying parents and their babies in a health-promoting and emotionally attuned way. After working in various fields outside of children\u2019s hospitals, I have specialised since 2009 in bonding support and crisis intervention for parents and babies \u2014 based on the latest findings of infant and attachment research.<\/p>\n<p>Baby Bonding is based on the concept of <a href=\"\/en\/www.emotionelle-erste-hilfe.org\/\" target=\"_blank\" rel=\"noopener\">Emotional First Aid (Emotionellen Ersten Hilfe, EEH)<\/a>My approach is further enriched by knowledge from prenatal and baby therapy.<\/p>\n<p>The goal of my work is to strengthen parents and babies in their relationship, understanding, and communication with one another \u2014 so that parents feel confident in caring for their little one, and babies feel securely held.<\/p>\n<p>\u201cAs I am held, I go out into the world.\u201d<\/p>\n<p>[\/et_pb_text][\/et_pb_column][et_pb_column type=&#8221;1_2&#8243; _builder_version=&#8221;4.7.3&#8243; _module_preset=&#8221;default&#8221; global_colors_info=&#8221;{}&#8221;][et_pb_text _builder_version=&#8221;4.7.5&#8243; _module_preset=&#8221;default&#8221; global_colors_info=&#8221;{}&#8221;]<\/p>\n<h4>Qualifications<\/h4>\n<ul>\n<li>2021 \u2013 Certificate as Emotional First Aid (EEH) Therapist <\/li>\n<li>2016 \u2013 Certificate as Emotional First Aid (EEH) Specialist Counsellor, according to Thomas Harms<\/li>\n<li>2016 \u2013 Certificate in Prenatal and Baby Therapy<\/li>\n<li>2016 \u2013 Integrative Baby Therapy, according to Matthew Appelton<\/li>\n<li>2014 \u2013 Certified Safe\u00ae Mentor, according to Dr. Karl Heinz Brisch<\/li>\n<li>2013 \u2013 Certified Basic Bonding\u00ae Mentor, foundational EEH training, according to Thomas Harms<\/li>\n<li>2010 \u2013 Certificate in Butterfly Baby Massage, according to Dr. Eva Reich and Thomas Harms<\/li>\n<li>1997 \u2013 Diploma in Paediatric Nursing HF<\/li>\n<\/ul>\n<p>[\/et_pb_text][\/et_pb_column][\/et_pb_row][\/et_pb_section]<\/p>\n<span class=\"et_bloom_bottom_trigger\"><\/span>","protected":false},"excerpt":{"rendered":"<p>Mit Feinf\u00fchligkeit und Kompetenz bin ich f\u00fcr Sie da &nbsp;Meine berufliche Leidenschaft besteht darin, Eltern mit ihren Babys gesundheitsf\u00f6rdernd sowie emotional zu begleiten, zu beraten und zu unterst\u00fctzen. Nach T\u00e4tigkeiten ausserhalb von Kinderkliniken spezialisiere ich mich seit 2009 in den Themen Bindungsf\u00f6rderung und Krisenintervention f\u00fcr Eltern und Babys nach den neuesten Erkenntnissen der S\u00e4uglings- und [&hellip;]<\/p>","protected":false},"author":1,"featured_media":0,"parent":0,"menu_order":0,"comment_status":"closed","ping_status":"closed","template":"","meta":{"_et_pb_use_builder":"on","_et_pb_old_content":"","_et_gb_content_width":"","footnotes":""},"class_list":["post-323","page","type-page","status-publish","hentry"],"_links":{"self":[{"href":"https:\/\/www.babybonding.ch\/en\/wp-json\/wp\/v2\/pages\/323","targetHints":{"allow":["GET"]}}],"collection":[{"href":"https:\/\/www.babybonding.ch\/en\/wp-json\/wp\/v2\/pages"}],"about":[{"href":"https:\/\/www.babybonding.ch\/en\/wp-json\/wp\/v2\/types\/page"}],"author":[{"embeddable":true,"href":"https:\/\/www.babybonding.ch\/en\/wp-json\/wp\/v2\/users\/1"}],"replies":[{"embeddable":true,"href":"https:\/\/www.babybonding.ch\/en\/wp-json\/wp\/v2\/comments?post=323"}],"version-history":[{"count":0,"href":"https:\/\/www.babybonding.ch\/en\/wp-json\/wp\/v2\/pages\/323\/revisions"}],"wp:attachment":[{"href":"https:\/\/www.babybonding.ch\/en\/wp-json\/wp\/v2\/media?parent=323"}],"curies":[{"name":"wp","href":"https:\/\/api.w.org\/{rel}","templated":true}]}}