{"id":1131,"date":"2025-12-06T12:09:28","date_gmt":"2025-12-06T11:09:28","guid":{"rendered":"https:\/\/www.babybonding.ch\/?page_id=1131"},"modified":"2026-02-16T15:56:47","modified_gmt":"2026-02-16T14:56:47","slug":"time-out-oase-fuer-die-familie-entdecke-die-kunst-achtsamer-regulation","status":"publish","type":"page","link":"https:\/\/www.babybonding.ch\/en\/time-out-oase-fuer-die-familie-entdecke-die-kunst-achtsamer-regulation\/","title":{"rendered":"Time-Out Oasis for the Family \u2013 Discover the Art of Mindful Regulation"},"content":{"rendered":"<p>[et_pb_section fb_built=&#8221;1&#8243; admin_label=&#8221;Sektion head&#8221; module_class=&#8221;head&#8221; _builder_version=&#8221;4.16&#8243; custom_margin_tablet=&#8221;&#8221; custom_margin_phone=&#8221;&#8221; custom_margin_last_edited=&#8221;on|phone&#8221; custom_padding=&#8221;0px||20px||false|false&#8221; saved_tabs=&#8221;all&#8221; global_colors_info=&#8221;{}&#8221;][et_pb_row _builder_version=&#8221;4.27.4&#8243; background_size=&#8221;initial&#8221; background_position=&#8221;top_left&#8221; background_repeat=&#8221;repeat&#8221; custom_padding=&#8221;0px||0px||false|false&#8221; global_colors_info=&#8221;{}&#8221;][et_pb_column type=&#8221;4_4&#8243; _builder_version=&#8221;4.16&#8243; custom_padding=&#8221;|||&#8221; global_colors_info=&#8221;{}&#8221; custom_padding__hover=&#8221;|||&#8221;][et_pb_image alt=&#8221;Familien-Coaching f\u00fcr Kinder und Eltern&#8221; title_text=&#8221;Familien-Coaching f\u00fcr Kinder und Eltern&#8221; admin_label=&#8221;header-img&#8221; module_class=&#8221;header-img&#8221; _builder_version=&#8221;4.27.4&#8243; _module_preset=&#8221;default&#8221; background_image=&#8221;https:\/\/www.babybonding.ch\/wp-content\/uploads\/2025\/12\/familien-coaching-kinder-eltern.jpg&#8221; global_colors_info=&#8221;{}&#8221;][\/et_pb_image][\/et_pb_column][\/et_pb_row][\/et_pb_section][et_pb_section fb_built=&#8221;1&#8243; _builder_version=&#8221;4.16&#8243; _module_preset=&#8221;default&#8221; global_colors_info=&#8221;{}&#8221;][et_pb_row _builder_version=&#8221;4.16&#8243; _module_preset=&#8221;default&#8221; global_colors_info=&#8221;{}&#8221;][et_pb_column type=&#8221;4_4&#8243; _builder_version=&#8221;4.16&#8243; _module_preset=&#8221;default&#8221; global_colors_info=&#8221;{}&#8221;][et_pb_text _builder_version=&#8221;4.27.4&#8243; _module_preset=&#8221;default&#8221; global_colors_info=&#8221;{}&#8221;]<\/p>\n<h1>Time-Out Oasis for the Whole Family <br \/>Immerse, Recharge and Enjoy \u2013 Discover the Art of Mindful Regulation<\/h1>\n<p>&nbsp;<\/p>\n<p>[\/et_pb_text][\/et_pb_column][\/et_pb_row][et_pb_row column_structure=&#8221;1_2,1_2&#8243; _builder_version=&#8221;4.16&#8243; _module_preset=&#8221;default&#8221; global_colors_info=&#8221;{}&#8221;][et_pb_column type=&#8221;1_2&#8243; _builder_version=&#8221;4.16&#8243; _module_preset=&#8221;default&#8221; global_colors_info=&#8221;{}&#8221;][et_pb_text _builder_version=&#8221;4.16&#8243; _module_preset=&#8221;default&#8221; global_colors_info=&#8221;{}&#8221;]<\/p>\n<p><strong>In my cozy studio in Zurich Seefeld, I invite your family to enjoy 90 minutes of relaxation, lightness, and connection. Through mindful impulses and simple regulation tools, you will together find more calm, balance, and joy.<\/strong><\/p>\n<p>[\/et_pb_text][et_pb_text _builder_version=&#8221;4.27.4&#8243; _module_preset=&#8221;default&#8221; global_colors_info=&#8221;{}&#8221;]<\/p>\n<ul>\n<li><strong>For your children:<\/strong> Regulating the autonomic nervous system helps them become more peaceful and centred internally. They feel safer, and external stimuli remain more \u201coutside\u201d or are processed more gently.<\/li>\n<li><strong>For you as parents:<\/strong> Your nervous system also needs regulation \u2013 for inner calm and serenity, which make a loving and attentive interaction with your children possible.<\/li>\n<\/ul>\n<p>[\/et_pb_text][et_pb_image src=&#8221;https:\/\/www.babybonding.ch\/wp-content\/uploads\/2025\/12\/sterne.png&#8221; title_text=&#8221;Sterne&#8221; show_bottom_space=&#8221;off&#8221; align=&#8221;right&#8221; show_bottom_space_tablet=&#8221;&#8221; show_bottom_space_phone=&#8221;&#8221; show_bottom_space_last_edited=&#8221;on|tablet&#8221; _builder_version=&#8221;4.27.4&#8243; _module_preset=&#8221;default&#8221; width=&#8221;70%&#8221; width_tablet=&#8221;50%&#8221; width_phone=&#8221;80%&#8221; width_last_edited=&#8221;on|phone&#8221; max_width=&#8221;12rem&#8221; custom_margin=&#8221;0px||||false|false&#8221; global_colors_info=&#8221;{}&#8221;][\/et_pb_image][\/et_pb_column][et_pb_column type=&#8221;1_2&#8243; _builder_version=&#8221;4.16&#8243; _module_preset=&#8221;default&#8221; global_colors_info=&#8221;{}&#8221;][et_pb_text _builder_version=&#8221;4.27.4&#8243; _module_preset=&#8221;default&#8221; global_colors_info=&#8221;{}&#8221;]<\/p>\n<h3>The Experience<\/h3>\n<p>Each family member receives a soothing treatment moment that includes gentle, effective touch elements, tools you can also use at home:<\/p>\n<ul>\n<li>For bedtime rituals<\/li>\n<li>In cases of overstimulation or overwhelm<\/li>\n<li>For more closeness, security, and fun in everyday life<\/li>\n<\/ul>\n<p><strong>You take home concrete, easy-to-use skills for daily life!<\/strong><\/p>\n<p>[\/et_pb_text][et_pb_text _builder_version=&#8221;4.27.4&#8243; _module_preset=&#8221;default&#8221; custom_margin=&#8221;41px||||false|false&#8221; hover_enabled=&#8221;0&#8243; global_colors_info=&#8221;{}&#8221; sticky_enabled=&#8221;0&#8243;]<\/p>\n<h5>Kosten 420.\u2013<\/h5>\n<p>Appointments arranged individually:<br \/>+41 78 740 70 08<\/p>\n<p>[\/et_pb_text][et_pb_button button_url=&#8221;@ET-DC@eyJkeW5hbWljIjp0cnVlLCJjb250ZW50IjoicG9zdF9saW5rX3VybF9wYWdlIiwic2V0dGluZ3MiOnsicG9zdF9pZCI6IjQ5MyJ9fQ==@&#8221; button_text=&#8221;Jetzt Anmelden&#8221; _builder_version=&#8221;4.27.4&#8243; _dynamic_attributes=&#8221;button_url&#8221; _module_preset=&#8221;default&#8221; custom_margin=&#8221;||45px||false|false&#8221; custom_padding=&#8221;||||false|false&#8221; global_colors_info=&#8221;{}&#8221;][\/et_pb_button][\/et_pb_column][\/et_pb_row][\/et_pb_section]<\/p>\n<span class=\"et_bloom_bottom_trigger\"><\/span>","protected":false},"excerpt":{"rendered":"<p>Time-Out Oase f\u00fcr die ganze Familie: Eintauchen, Auftanken &amp; Geniessen \u2013 entdecke die Kunst achtsamer Regulation &nbsp;In meinem gem\u00fctlichen Studio im Z\u00fcrcher Seefeld verw\u00f6hne ich deine Familie mit 90 Minuten Entspannung, Leichtigkeit und \u00adVerbindung. Durch achtsame Impulse und einfache Regulations-\u00adTools findet ihr gemeinsam zu mehr Ruhe, Ausgeglichenheit und Gl\u00fcck. F\u00fcr eure Kinder: Die Regulation des [&hellip;]<\/p>","protected":false},"author":1,"featured_media":0,"parent":0,"menu_order":0,"comment_status":"closed","ping_status":"closed","template":"","meta":{"_et_pb_use_builder":"on","_et_pb_old_content":"","_et_gb_content_width":"","footnotes":""},"class_list":["post-1131","page","type-page","status-publish","hentry"],"_links":{"self":[{"href":"https:\/\/www.babybonding.ch\/en\/wp-json\/wp\/v2\/pages\/1131","targetHints":{"allow":["GET"]}}],"collection":[{"href":"https:\/\/www.babybonding.ch\/en\/wp-json\/wp\/v2\/pages"}],"about":[{"href":"https:\/\/www.babybonding.ch\/en\/wp-json\/wp\/v2\/types\/page"}],"author":[{"embeddable":true,"href":"https:\/\/www.babybonding.ch\/en\/wp-json\/wp\/v2\/users\/1"}],"replies":[{"embeddable":true,"href":"https:\/\/www.babybonding.ch\/en\/wp-json\/wp\/v2\/comments?post=1131"}],"version-history":[{"count":9,"href":"https:\/\/www.babybonding.ch\/en\/wp-json\/wp\/v2\/pages\/1131\/revisions"}],"predecessor-version":[{"id":1167,"href":"https:\/\/www.babybonding.ch\/en\/wp-json\/wp\/v2\/pages\/1131\/revisions\/1167"}],"wp:attachment":[{"href":"https:\/\/www.babybonding.ch\/en\/wp-json\/wp\/v2\/media?parent=1131"}],"curies":[{"name":"wp","href":"https:\/\/api.w.org\/{rel}","templated":true}]}}